{"id":158,"date":"2018-01-17T10:06:04","date_gmt":"2018-01-17T09:06:04","guid":{"rendered":"https:\/\/www.lasserre-papillon.com\/?page_id=158"},"modified":"2018-03-06T16:51:44","modified_gmt":"2018-03-06T15:51:44","slug":"conditions-generales-de-vente","status":"publish","type":"page","link":"https:\/\/www.lasserre-papillon.com\/fr\/conditions-generales-de-vente\/","title":{"rendered":"Conditions g\u00e9n\u00e9rales de vente"},"content":{"rendered":"<ol>\n<li>Les marchandises voyagent aux risques et p\u00e9rils du client ou du destinataire \u00e0 qui il appartient d\u2019exercer tout recours contre le transporteur et de faire proc\u00e9der, en cas de<br \/>\nbesoin, \u00e0 l\u2019expertise L133-4 du Code de Commerce.<\/li>\n<li>Nos offres se font sous r\u00e9serve de confirmation et de disponibilit\u00e9 de la marchandise.<\/li>\n<li>Toute commande n\u2019est d\u00e9finitive qu\u2019apr\u00e8s avoir \u00e9t\u00e9 confirm\u00e9e par \u00e9crit par un membre habilit\u00e9 par le Vendeur.<\/li>\n<li>L\u2019agr\u00e9age des marchandises doit \u00eatre effectu\u00e9 au d\u00e9part de nos chais.<\/li>\n<li>Le versement d\u2019acompte par l\u2019acheteur n\u2019entra\u00eene pas de transfert de propri\u00e9t\u00e9 de marchandises.<\/li>\n<li>Sauf convention contraire, toute vente est payable dans un d\u00e9lai de 30 jours \u00e0 compter de l\u2019\u00e9mission de la pro forma ou de la confirmation de commande.<\/li>\n<li>Aucun escompte n\u2019est accord\u00e9 en cas de paiement anticip\u00e9.<\/li>\n<li>Lorsque le r\u00e8glement n\u2019est pas intervenu apr\u00e8s la date de paiement fix\u00e9e sur la facture (commerciale ou pro forma) et apr\u00e8s le d\u00e9lai pr\u00e9vu aux pr\u00e9sentes conditions g\u00e9n\u00e9rales, le client est redevable :<br \/>\n&#8211; de p\u00e9nalit\u00e9s au taux de trois fois le taux de l\u2019int\u00e9r\u00eat l\u00e9gal en vigueur major\u00e9e de 1%, appliqu\u00e9es sur le montant T.T.C. de la facture et dues sur le nombre total de jours de retard \u00e9coul\u00e9s,<br \/>\n&#8211; et d\u2019une majoration de 10% du montant de la facture \u00e0 titre de clause p\u00e9nale, s\u2019il n\u2019a pas r\u00e9gularis\u00e9 sa situation dans les 30 jours suivant la mise en demeure.<\/li>\n<li>L\u2019acheteur accepte que le vin qui lui est vendu garantisse toute somme dont il serait par ailleurs redevable envers le vendeur sur une autre commande.<\/li>\n<li>Toute vente en Primeur donne lieu au versement des droits de r\u00e9servation valant acompte, sous r\u00e9serve du parfait paiement du solde de la pro forma. En cas d\u2019impay\u00e9, les droits de r\u00e9servation seront d\u00e9finitivement acquis au vendeur sans remboursement.<\/li>\n<li>Stockage et assurance des marchandises : en cas de non retrait des marchandises dans les 30 jours suivant la date de mise \u00e0 disposition (vins livrables ou primeurs), le Vendeur facturera mensuellement les frais d\u2019assurance et de stockage suivants \u00e0 l\u2019Acheteur selon son tarif en vigueur, tout mois entam\u00e9 \u00e9tant d\u00fb par l\u2019Acheteur.<\/li>\n<li>R\u00e9serve de propri\u00e9t\u00e9 : conform\u00e9ment \u00e0 la loi N\u00b0 30.335 du 12 mai 1980, le vendeur entend placer tout contrat de vente sous le r\u00e9gime de la r\u00e9serve de propri\u00e9t\u00e9<\/li>\n<li>En cas de contestation, quelle qu\u2019en soit la nature, seul le Tribunal de Commerce de Bordeaux sera comp\u00e9tent m\u00eame en cas d\u2019appel en garantie et pluralit\u00e9 de d\u00e9fendeurs.<\/li>\n<li>L\u2019acceptation de l\u2019offre comporte acceptation formelle sans restriction ni r\u00e9serve de ces conditions qui pr\u00e9valent sur toute autre.<\/li>\n<li>Facult\u00e9 de r\u00e9tractation* :<\/li>\n<\/ol>\n<ul>\n<li>Livrables :\n<p>Le client dispose d&rsquo;un d\u00e9lai de 14 jours francs \u00e0 compter de la r\u00e9ception de sa commande pour user de son droit de r\u00e9tractation. Le client devra dans un premier temps informer le service commercial par \u00e9crit (e-mail, fax, lettre) de sa d\u00e9cision avant de retourner la marchandise :<br \/>\nLasserre &amp; Papillon, 104 Cours du M\u00e9doc, 33300 Bordeaux, Email: contact@lasserre-papillon.com<\/p>\n<p>Par exception, ces dispositions ne s&rsquo;appliqueront pas aux commandes de produits faisant l&rsquo;objet d&rsquo;une personnalisation ou d&rsquo;une demande sp\u00e9cifique du client lors de sa commande (formats sp\u00e9ciaux, conditionnement personnalis\u00e9, &#8230;). En cas de rupture de stock des produits command\u00e9s, Lasserre &amp; Papillon pourra proposer au client de les remplacer, avec son accord, soit par un autre mill\u00e9sime, soit par un vin \u00e9quivalent.<br \/>\nUne fois la r\u00e9tractation transmise, un nouveau d\u00e9lai de 14 jours est attribu\u00e9 au client afin de retourner les produits non souhait\u00e9s dans leur emballage d&rsquo;origine<\/p>\n<p>Le client devra prendre en charge les frais directs de renvoi du bien.<\/p>\n<p>Le professionnel se r\u00e9serve le droit de diff\u00e9rer le remboursement jusqu&rsquo;\u00e0 r\u00e9cup\u00e9ration des biens.<\/p>\n<p>Le remboursement ne peut \u00eatre effectu\u00e9 qu&rsquo;en euros (\u20ac).<\/p>\n<p>&nbsp;<\/li>\n<li>Primeurs :\n<p>En vertu de l&rsquo;exception pr\u00e9vue au point 7 de l&rsquo;article 121-21-8 du Code de consommation, le droit de r\u00e9tractation est exclu des contrats de vente de vins en primeurs.<\/p>\n<p><em>*Cette condition ne s&rsquo;applique qu&rsquo;aux particuliers<\/em><\/p>\n<p>&nbsp;<\/li>\n<\/ul>\n","protected":false},"excerpt":{"rendered":"<p>Les marchandises voyagent aux risques et p\u00e9rils du client ou du destinataire \u00e0 qui il appartient d\u2019exercer tout recours contre le transporteur et de faire proc\u00e9der, en cas de besoin, \u00e0 l\u2019expertise L133-4 du Code de Commerce. Nos offres se font sous r\u00e9serve de confirmation et de disponibilit\u00e9 de la marchandise. Toute commande n\u2019est d\u00e9finitive [&hellip;]<\/p>\n","protected":false},"author":3,"featured_media":0,"parent":0,"menu_order":0,"comment_status":"closed","ping_status":"closed","template":"","meta":{"footnotes":""},"class_list":["post-158","page","type-page","status-publish","hentry"],"yoast_head":"<!-- This site is optimized with the Yoast SEO plugin v27.6 - https:\/\/yoast.com\/product\/yoast-seo-wordpress\/ -->\n<title>Conditions g\u00e9n\u00e9rales de vente de la soci\u00e9t\u00e9 Lasserre et Papillon<\/title>\n<meta name=\"description\" content=\"Conditions g\u00e9n\u00e9rales de vente de la soci\u00e9t\u00e9 Lasserre et Papillon, n\u00e9gociant en vins de Bordeaux\" \/>\n<meta name=\"robots\" content=\"index, follow, max-snippet:-1, max-image-preview:large, max-video-preview:-1\" \/>\n<link rel=\"canonical\" href=\"https:\/\/www.lasserre-papillon.com\/fr\/conditions-generales-de-vente\/\" \/>\n<meta property=\"og:locale\" content=\"fr_FR\" \/>\n<meta property=\"og:type\" content=\"article\" \/>\n<meta property=\"og:title\" content=\"Conditions g\u00e9n\u00e9rales de vente de la soci\u00e9t\u00e9 Lasserre et Papillon\" \/>\n<meta property=\"og:description\" content=\"Conditions g\u00e9n\u00e9rales de vente de la soci\u00e9t\u00e9 Lasserre et Papillon, n\u00e9gociant en vins de Bordeaux\" \/>\n<meta property=\"og:url\" content=\"https:\/\/www.lasserre-papillon.com\/fr\/conditions-generales-de-vente\/\" \/>\n<meta property=\"og:site_name\" content=\"Lasserre &amp; Papillon\" \/>\n<meta property=\"article:modified_time\" content=\"2018-03-06T15:51:44+00:00\" \/>\n<meta name=\"twitter:card\" content=\"summary_large_image\" \/>\n<meta name=\"twitter:label1\" content=\"Dur\u00e9e de lecture estim\u00e9e\" \/>\n\t<meta name=\"twitter:data1\" content=\"4 minutes\" \/>\n<script type=\"application\/ld+json\" class=\"yoast-schema-graph\">{\"@context\":\"https:\\\/\\\/schema.org\",\"@graph\":[{\"@type\":\"WebPage\",\"@id\":\"https:\\\/\\\/www.lasserre-papillon.com\\\/fr\\\/conditions-generales-de-vente\\\/\",\"url\":\"https:\\\/\\\/www.lasserre-papillon.com\\\/fr\\\/conditions-generales-de-vente\\\/\",\"name\":\"Conditions g\u00e9n\u00e9rales de vente de la soci\u00e9t\u00e9 Lasserre et Papillon\",\"isPartOf\":{\"@id\":\"https:\\\/\\\/www.lasserre-papillon.com\\\/fr\\\/#website\"},\"datePublished\":\"2018-01-17T09:06:04+00:00\",\"dateModified\":\"2018-03-06T15:51:44+00:00\",\"description\":\"Conditions g\u00e9n\u00e9rales de vente de la soci\u00e9t\u00e9 Lasserre et Papillon, n\u00e9gociant en vins de Bordeaux\",\"breadcrumb\":{\"@id\":\"https:\\\/\\\/www.lasserre-papillon.com\\\/fr\\\/conditions-generales-de-vente\\\/#breadcrumb\"},\"inLanguage\":\"fr-FR\",\"potentialAction\":[{\"@type\":\"ReadAction\",\"target\":[\"https:\\\/\\\/www.lasserre-papillon.com\\\/fr\\\/conditions-generales-de-vente\\\/\"]}]},{\"@type\":\"BreadcrumbList\",\"@id\":\"https:\\\/\\\/www.lasserre-papillon.com\\\/fr\\\/conditions-generales-de-vente\\\/#breadcrumb\",\"itemListElement\":[{\"@type\":\"ListItem\",\"position\":1,\"name\":\"Home\",\"item\":\"https:\\\/\\\/www.lasserre-papillon.com\\\/fr\\\/\"},{\"@type\":\"ListItem\",\"position\":2,\"name\":\"Conditions g\u00e9n\u00e9rales de vente\"}]},{\"@type\":\"WebSite\",\"@id\":\"https:\\\/\\\/www.lasserre-papillon.com\\\/fr\\\/#website\",\"url\":\"https:\\\/\\\/www.lasserre-papillon.com\\\/fr\\\/\",\"name\":\"Lasserre &amp; Papillon\",\"description\":\"\",\"potentialAction\":[{\"@type\":\"SearchAction\",\"target\":{\"@type\":\"EntryPoint\",\"urlTemplate\":\"https:\\\/\\\/www.lasserre-papillon.com\\\/fr\\\/?s={search_term_string}\"},\"query-input\":{\"@type\":\"PropertyValueSpecification\",\"valueRequired\":true,\"valueName\":\"search_term_string\"}}],\"inLanguage\":\"fr-FR\"}]}<\/script>\n<!-- \/ Yoast SEO plugin. -->","yoast_head_json":{"title":"Conditions g\u00e9n\u00e9rales de vente de la soci\u00e9t\u00e9 Lasserre et Papillon","description":"Conditions g\u00e9n\u00e9rales de vente de la soci\u00e9t\u00e9 Lasserre et Papillon, n\u00e9gociant en vins de Bordeaux","robots":{"index":"index","follow":"follow","max-snippet":"max-snippet:-1","max-image-preview":"max-image-preview:large","max-video-preview":"max-video-preview:-1"},"canonical":"https:\/\/www.lasserre-papillon.com\/fr\/conditions-generales-de-vente\/","og_locale":"fr_FR","og_type":"article","og_title":"Conditions g\u00e9n\u00e9rales de vente de la soci\u00e9t\u00e9 Lasserre et Papillon","og_description":"Conditions g\u00e9n\u00e9rales de vente de la soci\u00e9t\u00e9 Lasserre et Papillon, n\u00e9gociant en vins de Bordeaux","og_url":"https:\/\/www.lasserre-papillon.com\/fr\/conditions-generales-de-vente\/","og_site_name":"Lasserre &amp; Papillon","article_modified_time":"2018-03-06T15:51:44+00:00","twitter_card":"summary_large_image","twitter_misc":{"Dur\u00e9e de lecture estim\u00e9e":"4 minutes"},"schema":{"@context":"https:\/\/schema.org","@graph":[{"@type":"WebPage","@id":"https:\/\/www.lasserre-papillon.com\/fr\/conditions-generales-de-vente\/","url":"https:\/\/www.lasserre-papillon.com\/fr\/conditions-generales-de-vente\/","name":"Conditions g\u00e9n\u00e9rales de vente de la soci\u00e9t\u00e9 Lasserre et Papillon","isPartOf":{"@id":"https:\/\/www.lasserre-papillon.com\/fr\/#website"},"datePublished":"2018-01-17T09:06:04+00:00","dateModified":"2018-03-06T15:51:44+00:00","description":"Conditions g\u00e9n\u00e9rales de vente de la soci\u00e9t\u00e9 Lasserre et Papillon, n\u00e9gociant en vins de Bordeaux","breadcrumb":{"@id":"https:\/\/www.lasserre-papillon.com\/fr\/conditions-generales-de-vente\/#breadcrumb"},"inLanguage":"fr-FR","potentialAction":[{"@type":"ReadAction","target":["https:\/\/www.lasserre-papillon.com\/fr\/conditions-generales-de-vente\/"]}]},{"@type":"BreadcrumbList","@id":"https:\/\/www.lasserre-papillon.com\/fr\/conditions-generales-de-vente\/#breadcrumb","itemListElement":[{"@type":"ListItem","position":1,"name":"Home","item":"https:\/\/www.lasserre-papillon.com\/fr\/"},{"@type":"ListItem","position":2,"name":"Conditions g\u00e9n\u00e9rales de vente"}]},{"@type":"WebSite","@id":"https:\/\/www.lasserre-papillon.com\/fr\/#website","url":"https:\/\/www.lasserre-papillon.com\/fr\/","name":"Lasserre &amp; Papillon","description":"","potentialAction":[{"@type":"SearchAction","target":{"@type":"EntryPoint","urlTemplate":"https:\/\/www.lasserre-papillon.com\/fr\/?s={search_term_string}"},"query-input":{"@type":"PropertyValueSpecification","valueRequired":true,"valueName":"search_term_string"}}],"inLanguage":"fr-FR"}]}},"_links":{"self":[{"href":"https:\/\/www.lasserre-papillon.com\/fr\/wp-json\/wp\/v2\/pages\/158","targetHints":{"allow":["GET"]}}],"collection":[{"href":"https:\/\/www.lasserre-papillon.com\/fr\/wp-json\/wp\/v2\/pages"}],"about":[{"href":"https:\/\/www.lasserre-papillon.com\/fr\/wp-json\/wp\/v2\/types\/page"}],"author":[{"embeddable":true,"href":"https:\/\/www.lasserre-papillon.com\/fr\/wp-json\/wp\/v2\/users\/3"}],"replies":[{"embeddable":true,"href":"https:\/\/www.lasserre-papillon.com\/fr\/wp-json\/wp\/v2\/comments?post=158"}],"version-history":[{"count":22,"href":"https:\/\/www.lasserre-papillon.com\/fr\/wp-json\/wp\/v2\/pages\/158\/revisions"}],"predecessor-version":[{"id":284,"href":"https:\/\/www.lasserre-papillon.com\/fr\/wp-json\/wp\/v2\/pages\/158\/revisions\/284"}],"wp:attachment":[{"href":"https:\/\/www.lasserre-papillon.com\/fr\/wp-json\/wp\/v2\/media?parent=158"}],"curies":[{"name":"wp","href":"https:\/\/api.w.org\/{rel}","templated":true}]}}