{"id":10,"date":"2017-12-19T17:14:27","date_gmt":"2017-12-19T16:14:27","guid":{"rendered":"https:\/\/www.lasserre-papillon.com\/?page_id=10"},"modified":"2023-02-27T12:55:30","modified_gmt":"2023-02-27T11:55:30","slug":"contact","status":"publish","type":"page","link":"https:\/\/www.lasserre-papillon.com\/fr\/contact\/","title":{"rendered":"Contactez-nous"},"content":{"rendered":"<div class=\"gabarit\">\n<div class=\"contact-part1\">\n<p>LASSERRE &amp; PAPILLON SAS<\/p>\n<p>6 Rue Notre Dame<br \/>\n33300 BORDEAUX &#8211; France<br \/>\n<a href=\"mailto:contact@lasserre-papillon.com\">contact@lasserre-papillon.com<\/a><br \/>\n<a href=\"tel:+33972633134\">+33 (0)9 72 63 31 34<\/a><\/p>\n<p><img loading=\"lazy\" decoding=\"async\" class=\"alignnone size-medium wp-image-26 bitcoin\" src=\"https:\/\/www.lasserre-papillon.com\/wp-content\/uploads\/2017\/12\/bitcoin-300x115.png\" alt=\"Logo bitcoin\" width=\"300\" height=\"115\" \/><\/p>\n<p><img loading=\"lazy\" decoding=\"async\" class=\"alignnone size-medium wp-image-328\" src=\"https:\/\/www.lasserre-papillon.com\/wp-content\/uploads\/2023\/02\/Les-3-BCB-300x293.jpg\" alt=\"\" width=\"300\" height=\"293\" srcset=\"https:\/\/www.lasserre-papillon.com\/wp-content\/uploads\/2023\/02\/Les-3-BCB-300x293.jpg 300w, https:\/\/www.lasserre-papillon.com\/wp-content\/uploads\/2023\/02\/Les-3-BCB-1024x999.jpg 1024w, https:\/\/www.lasserre-papillon.com\/wp-content\/uploads\/2023\/02\/Les-3-BCB-768x749.jpg 768w, https:\/\/www.lasserre-papillon.com\/wp-content\/uploads\/2023\/02\/Les-3-BCB-1536x1499.jpg 1536w, https:\/\/www.lasserre-papillon.com\/wp-content\/uploads\/2023\/02\/Les-3-BCB-2048x1998.jpg 2048w\" sizes=\"auto, (max-width: 300px) 100vw, 300px\" \/><\/p>\n<\/div>\n<div class=\"contact-part2\">\n<p>formulaire de contact<\/p>\n\n<div class=\"wpcf7 no-js\" id=\"wpcf7-f81-o1\" lang=\"fr-FR\" dir=\"ltr\" data-wpcf7-id=\"81\">\n<div class=\"screen-reader-response\"><p role=\"status\" aria-live=\"polite\" aria-atomic=\"true\"><\/p> <ul><\/ul><\/div>\n<form action=\"\/fr\/wp-json\/wp\/v2\/pages\/10#wpcf7-f81-o1\" method=\"post\" class=\"wpcf7-form init\" aria-label=\"Formulaire de contact\" novalidate=\"novalidate\" data-status=\"init\">\n<fieldset class=\"hidden-fields-container\"><input type=\"hidden\" name=\"_wpcf7\" value=\"81\" \/><input type=\"hidden\" name=\"_wpcf7_version\" value=\"6.1.5\" \/><input type=\"hidden\" name=\"_wpcf7_locale\" value=\"fr_FR\" \/><input type=\"hidden\" name=\"_wpcf7_unit_tag\" value=\"wpcf7-f81-o1\" \/><input type=\"hidden\" name=\"_wpcf7_container_post\" value=\"0\" \/><input type=\"hidden\" name=\"_wpcf7_posted_data_hash\" value=\"\" \/>\n<\/fieldset>\n<p><label> Nom *<\/label><br \/>\n<span class=\"wpcf7-form-control-wrap\" data-name=\"your-name\"><input size=\"40\" maxlength=\"400\" class=\"wpcf7-form-control wpcf7-text wpcf7-validates-as-required\" aria-required=\"true\" aria-invalid=\"false\" value=\"\" type=\"text\" name=\"your-name\" \/><\/span>\n<\/p>\n<p><label> Pr\u00e9nom *<\/label><br \/>\n<span class=\"wpcf7-form-control-wrap\" data-name=\"your-firstname\"><input size=\"40\" maxlength=\"400\" class=\"wpcf7-form-control wpcf7-text wpcf7-validates-as-required\" aria-required=\"true\" aria-invalid=\"false\" value=\"\" type=\"text\" name=\"your-firstname\" \/><\/span>\n<\/p>\n<p><label> Soci\u00e9t\u00e9 *<\/label><br \/>\n<span class=\"wpcf7-form-control-wrap\" data-name=\"your-company\"><input size=\"40\" maxlength=\"400\" class=\"wpcf7-form-control wpcf7-text wpcf7-validates-as-required\" aria-required=\"true\" aria-invalid=\"false\" value=\"\" type=\"text\" name=\"your-company\" \/><\/span>\n<\/p>\n<p><label> E-mail *<\/label><br \/>\n<span class=\"wpcf7-form-control-wrap\" data-name=\"your-email\"><input size=\"40\" maxlength=\"400\" class=\"wpcf7-form-control wpcf7-email wpcf7-validates-as-required wpcf7-text wpcf7-validates-as-email\" aria-required=\"true\" aria-invalid=\"false\" value=\"\" type=\"email\" name=\"your-email\" \/><\/span>\n<\/p>\n<p><label> T\u00e9l\u00e9phone *<\/label><br \/>\n<span class=\"wpcf7-form-control-wrap\" data-name=\"your-phone\"><input size=\"40\" maxlength=\"400\" class=\"wpcf7-form-control wpcf7-text wpcf7-validates-as-required\" aria-required=\"true\" aria-invalid=\"false\" value=\"\" type=\"text\" name=\"your-phone\" \/><\/span>\n<\/p>\n<p><label> Message *<\/label><br \/>\n<span class=\"wpcf7-form-control-wrap\" data-name=\"your-message\"><textarea cols=\"40\" rows=\"10\" maxlength=\"2000\" class=\"wpcf7-form-control wpcf7-textarea\" aria-invalid=\"false\" name=\"your-message\"><\/textarea><\/span>\n<\/p>\n<p><input class=\"wpcf7-form-control wpcf7-submit has-spinner\" type=\"submit\" value=\"Envoyer\" \/>\n<\/p>\n<p>Les champs marqu\u00e9s d'une * sont obligatoires\n<\/p><input type=\"hidden\" id=\"ct_checkjs_cf7_ca75910166da03ff9d4655a0338e6b09\" name=\"ct_checkjs_cf7\" value=\"0\" \/><script >setTimeout(function(){var ct_input_name = \"ct_checkjs_cf7_ca75910166da03ff9d4655a0338e6b09\";if (document.getElementById(ct_input_name) !== null) {var ct_input_value = document.getElementById(ct_input_name).value;document.getElementById(ct_input_name).value = document.getElementById(ct_input_name).value.replace(ct_input_value, 'a20357a9d9f8249a48e578bb1bdac49f38508f89b0766f5eabedacba0aa17c99');}}, 1000);<\/script><input\n                    class=\"apbct_special_field apbct_email_id__wp_contact_form_7\"\n                    name=\"apbct__email_id__wp_contact_form_7\"\n                    aria-label=\"apbct__label_id__wp_contact_form_7\"\n                    type=\"text\" size=\"30\" maxlength=\"200\" autocomplete=\"off\"\n                    value=\"\"\n                \/><div class=\"wpcf7-response-output\" aria-hidden=\"true\"><\/div>\n<\/form>\n<\/div>\n\n<\/div>\n<\/div>\n<p><iframe loading=\"lazy\" style=\"border: 0;\" src=\"https:\/\/www.google.com\/maps\/embed?pb=!1m14!1m8!1m3!1d11312.544915673932!2d-0.5684875!3d44.8595214!3m2!1i1024!2i768!4f13.1!3m3!1m2!1s0x0%3A0x8cf18e70c0edf08f!2sLASSERRE+%26+PAPILLON+SAS!5e0!3m2!1sfr!2sfr!4v1514972502445\" width=\"1920\" height=\"420\" frameborder=\"0\" allowfullscreen=\"allowfullscreen\"><\/iframe><\/p>\n","protected":false},"excerpt":{"rendered":"<p>LASSERRE &amp; PAPILLON SAS 6 Rue Notre Dame 33300 BORDEAUX &#8211; France contact@lasserre-papillon.com +33 (0)9 72 63 31 34 formulaire de contact<\/p>\n","protected":false},"author":3,"featured_media":237,"parent":0,"menu_order":0,"comment_status":"closed","ping_status":"closed","template":"","meta":{"footnotes":""},"class_list":["post-10","page","type-page","status-publish","has-post-thumbnail","hentry"],"yoast_head":"<!-- This site is optimized with the Yoast SEO plugin v27.3 - https:\/\/yoast.com\/product\/yoast-seo-wordpress\/ -->\n<title>Contacter Lasserre &amp; Papillon, n\u00e9gociant en Vins de Bordeaux<\/title>\n<meta name=\"description\" content=\"Prenez contact avec Lasserre &amp; Papillon, n\u00e9gociant \u00e0 Bordeaux, sp\u00e9cialis\u00e9 dans les Grands Crus et s\u00e9lection de vins fins.\" \/>\n<meta name=\"robots\" content=\"index, follow, max-snippet:-1, max-image-preview:large, max-video-preview:-1\" \/>\n<link rel=\"canonical\" href=\"https:\/\/www.lasserre-papillon.com\/fr\/contact\/\" \/>\n<meta property=\"og:locale\" content=\"fr_FR\" \/>\n<meta property=\"og:type\" content=\"article\" \/>\n<meta property=\"og:title\" content=\"Contacter Lasserre &amp; Papillon, n\u00e9gociant en Vins de Bordeaux\" \/>\n<meta property=\"og:description\" content=\"Prenez contact avec Lasserre &amp; Papillon, n\u00e9gociant \u00e0 Bordeaux, sp\u00e9cialis\u00e9 dans les Grands Crus et s\u00e9lection de vins fins.\" \/>\n<meta property=\"og:url\" content=\"https:\/\/www.lasserre-papillon.com\/fr\/contact\/\" \/>\n<meta property=\"og:site_name\" content=\"Lasserre &amp; Papillon\" \/>\n<meta property=\"article:modified_time\" content=\"2023-02-27T11:55:30+00:00\" \/>\n<meta property=\"og:image\" content=\"https:\/\/www.lasserre-papillon.com\/wp-content\/uploads\/2018\/01\/pacte-de-confiance-1.jpg\" \/>\n\t<meta property=\"og:image:width\" content=\"1920\" \/>\n\t<meta property=\"og:image:height\" content=\"1281\" \/>\n\t<meta property=\"og:image:type\" content=\"image\/jpeg\" \/>\n<meta name=\"twitter:card\" content=\"summary_large_image\" \/>\n<meta name=\"twitter:label1\" content=\"Dur\u00e9e de lecture estim\u00e9e\" \/>\n\t<meta name=\"twitter:data1\" content=\"1 minute\" \/>\n<script type=\"application\/ld+json\" class=\"yoast-schema-graph\">{\"@context\":\"https:\\\/\\\/schema.org\",\"@graph\":[{\"@type\":\"WebPage\",\"@id\":\"https:\\\/\\\/www.lasserre-papillon.com\\\/fr\\\/contact\\\/\",\"url\":\"https:\\\/\\\/www.lasserre-papillon.com\\\/fr\\\/contact\\\/\",\"name\":\"Contacter Lasserre & Papillon, n\u00e9gociant en Vins de Bordeaux\",\"isPartOf\":{\"@id\":\"https:\\\/\\\/www.lasserre-papillon.com\\\/fr\\\/#website\"},\"primaryImageOfPage\":{\"@id\":\"https:\\\/\\\/www.lasserre-papillon.com\\\/fr\\\/contact\\\/#primaryimage\"},\"image\":{\"@id\":\"https:\\\/\\\/www.lasserre-papillon.com\\\/fr\\\/contact\\\/#primaryimage\"},\"thumbnailUrl\":\"https:\\\/\\\/www.lasserre-papillon.com\\\/wp-content\\\/uploads\\\/2018\\\/01\\\/pacte-de-confiance-1.jpg\",\"datePublished\":\"2017-12-19T16:14:27+00:00\",\"dateModified\":\"2023-02-27T11:55:30+00:00\",\"description\":\"Prenez contact avec Lasserre & Papillon, n\u00e9gociant \u00e0 Bordeaux, sp\u00e9cialis\u00e9 dans les Grands Crus et s\u00e9lection de vins fins.\",\"breadcrumb\":{\"@id\":\"https:\\\/\\\/www.lasserre-papillon.com\\\/fr\\\/contact\\\/#breadcrumb\"},\"inLanguage\":\"fr-FR\",\"potentialAction\":[{\"@type\":\"ReadAction\",\"target\":[\"https:\\\/\\\/www.lasserre-papillon.com\\\/fr\\\/contact\\\/\"]}]},{\"@type\":\"ImageObject\",\"inLanguage\":\"fr-FR\",\"@id\":\"https:\\\/\\\/www.lasserre-papillon.com\\\/fr\\\/contact\\\/#primaryimage\",\"url\":\"https:\\\/\\\/www.lasserre-papillon.com\\\/wp-content\\\/uploads\\\/2018\\\/01\\\/pacte-de-confiance-1.jpg\",\"contentUrl\":\"https:\\\/\\\/www.lasserre-papillon.com\\\/wp-content\\\/uploads\\\/2018\\\/01\\\/pacte-de-confiance-1.jpg\",\"width\":1920,\"height\":1281},{\"@type\":\"BreadcrumbList\",\"@id\":\"https:\\\/\\\/www.lasserre-papillon.com\\\/fr\\\/contact\\\/#breadcrumb\",\"itemListElement\":[{\"@type\":\"ListItem\",\"position\":1,\"name\":\"Home\",\"item\":\"https:\\\/\\\/www.lasserre-papillon.com\\\/fr\\\/\"},{\"@type\":\"ListItem\",\"position\":2,\"name\":\"Contactez-nous\"}]},{\"@type\":\"WebSite\",\"@id\":\"https:\\\/\\\/www.lasserre-papillon.com\\\/fr\\\/#website\",\"url\":\"https:\\\/\\\/www.lasserre-papillon.com\\\/fr\\\/\",\"name\":\"Lasserre &amp; Papillon\",\"description\":\"\",\"potentialAction\":[{\"@type\":\"SearchAction\",\"target\":{\"@type\":\"EntryPoint\",\"urlTemplate\":\"https:\\\/\\\/www.lasserre-papillon.com\\\/fr\\\/?s={search_term_string}\"},\"query-input\":{\"@type\":\"PropertyValueSpecification\",\"valueRequired\":true,\"valueName\":\"search_term_string\"}}],\"inLanguage\":\"fr-FR\"}]}<\/script>\n<!-- \/ Yoast SEO plugin. -->","yoast_head_json":{"title":"Contacter Lasserre & Papillon, n\u00e9gociant en Vins de Bordeaux","description":"Prenez contact avec Lasserre & Papillon, n\u00e9gociant \u00e0 Bordeaux, sp\u00e9cialis\u00e9 dans les Grands Crus et s\u00e9lection de vins fins.","robots":{"index":"index","follow":"follow","max-snippet":"max-snippet:-1","max-image-preview":"max-image-preview:large","max-video-preview":"max-video-preview:-1"},"canonical":"https:\/\/www.lasserre-papillon.com\/fr\/contact\/","og_locale":"fr_FR","og_type":"article","og_title":"Contacter Lasserre & Papillon, n\u00e9gociant en Vins de Bordeaux","og_description":"Prenez contact avec Lasserre & Papillon, n\u00e9gociant \u00e0 Bordeaux, sp\u00e9cialis\u00e9 dans les Grands Crus et s\u00e9lection de vins fins.","og_url":"https:\/\/www.lasserre-papillon.com\/fr\/contact\/","og_site_name":"Lasserre &amp; Papillon","article_modified_time":"2023-02-27T11:55:30+00:00","og_image":[{"width":1920,"height":1281,"url":"https:\/\/www.lasserre-papillon.com\/wp-content\/uploads\/2018\/01\/pacte-de-confiance-1.jpg","type":"image\/jpeg"}],"twitter_card":"summary_large_image","twitter_misc":{"Dur\u00e9e de lecture estim\u00e9e":"1 minute"},"schema":{"@context":"https:\/\/schema.org","@graph":[{"@type":"WebPage","@id":"https:\/\/www.lasserre-papillon.com\/fr\/contact\/","url":"https:\/\/www.lasserre-papillon.com\/fr\/contact\/","name":"Contacter Lasserre & Papillon, n\u00e9gociant en Vins de Bordeaux","isPartOf":{"@id":"https:\/\/www.lasserre-papillon.com\/fr\/#website"},"primaryImageOfPage":{"@id":"https:\/\/www.lasserre-papillon.com\/fr\/contact\/#primaryimage"},"image":{"@id":"https:\/\/www.lasserre-papillon.com\/fr\/contact\/#primaryimage"},"thumbnailUrl":"https:\/\/www.lasserre-papillon.com\/wp-content\/uploads\/2018\/01\/pacte-de-confiance-1.jpg","datePublished":"2017-12-19T16:14:27+00:00","dateModified":"2023-02-27T11:55:30+00:00","description":"Prenez contact avec Lasserre & Papillon, n\u00e9gociant \u00e0 Bordeaux, sp\u00e9cialis\u00e9 dans les Grands Crus et s\u00e9lection de vins fins.","breadcrumb":{"@id":"https:\/\/www.lasserre-papillon.com\/fr\/contact\/#breadcrumb"},"inLanguage":"fr-FR","potentialAction":[{"@type":"ReadAction","target":["https:\/\/www.lasserre-papillon.com\/fr\/contact\/"]}]},{"@type":"ImageObject","inLanguage":"fr-FR","@id":"https:\/\/www.lasserre-papillon.com\/fr\/contact\/#primaryimage","url":"https:\/\/www.lasserre-papillon.com\/wp-content\/uploads\/2018\/01\/pacte-de-confiance-1.jpg","contentUrl":"https:\/\/www.lasserre-papillon.com\/wp-content\/uploads\/2018\/01\/pacte-de-confiance-1.jpg","width":1920,"height":1281},{"@type":"BreadcrumbList","@id":"https:\/\/www.lasserre-papillon.com\/fr\/contact\/#breadcrumb","itemListElement":[{"@type":"ListItem","position":1,"name":"Home","item":"https:\/\/www.lasserre-papillon.com\/fr\/"},{"@type":"ListItem","position":2,"name":"Contactez-nous"}]},{"@type":"WebSite","@id":"https:\/\/www.lasserre-papillon.com\/fr\/#website","url":"https:\/\/www.lasserre-papillon.com\/fr\/","name":"Lasserre &amp; Papillon","description":"","potentialAction":[{"@type":"SearchAction","target":{"@type":"EntryPoint","urlTemplate":"https:\/\/www.lasserre-papillon.com\/fr\/?s={search_term_string}"},"query-input":{"@type":"PropertyValueSpecification","valueRequired":true,"valueName":"search_term_string"}}],"inLanguage":"fr-FR"}]}},"_links":{"self":[{"href":"https:\/\/www.lasserre-papillon.com\/fr\/wp-json\/wp\/v2\/pages\/10","targetHints":{"allow":["GET"]}}],"collection":[{"href":"https:\/\/www.lasserre-papillon.com\/fr\/wp-json\/wp\/v2\/pages"}],"about":[{"href":"https:\/\/www.lasserre-papillon.com\/fr\/wp-json\/wp\/v2\/types\/page"}],"author":[{"embeddable":true,"href":"https:\/\/www.lasserre-papillon.com\/fr\/wp-json\/wp\/v2\/users\/3"}],"replies":[{"embeddable":true,"href":"https:\/\/www.lasserre-papillon.com\/fr\/wp-json\/wp\/v2\/comments?post=10"}],"version-history":[{"count":28,"href":"https:\/\/www.lasserre-papillon.com\/fr\/wp-json\/wp\/v2\/pages\/10\/revisions"}],"predecessor-version":[{"id":330,"href":"https:\/\/www.lasserre-papillon.com\/fr\/wp-json\/wp\/v2\/pages\/10\/revisions\/330"}],"wp:featuredmedia":[{"embeddable":true,"href":"https:\/\/www.lasserre-papillon.com\/fr\/wp-json\/wp\/v2\/media\/237"}],"wp:attachment":[{"href":"https:\/\/www.lasserre-papillon.com\/fr\/wp-json\/wp\/v2\/media?parent=10"}],"curies":[{"name":"wp","href":"https:\/\/api.w.org\/{rel}","templated":true}]}}